{"id":3,"date":"2022-03-14T18:30:11","date_gmt":"2022-03-14T17:30:11","guid":{"rendered":"https:\/\/new.gngts.ch\/?page_id=3"},"modified":"2022-05-21T10:56:46","modified_gmt":"2022-05-21T08:56:46","slug":"privacy-policy","status":"publish","type":"page","link":"https:\/\/new.gngts.ch\/en\/privacy-policy\/","title":{"rendered":"Privacy Policy G&#038;G"},"content":{"rendered":"<p>[et_pb_section fb_built=\u00a0\u00bb1&Prime; fullwidth=\u00a0\u00bbon\u00a0\u00bb next_background_color=\u00a0\u00bb#ffffff\u00a0\u00bb admin_label=\u00a0\u00bbMaster video\u00a0\u00bb module_id=\u00a0\u00bbmastervideo\u00a0\u00bb module_class=\u00a0\u00bbbgvideo\u00a0\u00bb _builder_version=\u00a0\u00bb4.17.4&Prime; _module_preset=\u00a0\u00bbdefault\u00a0\u00bb background_color=\u00a0\u00bb#3e4750&Prime; background_image=\u00a0\u00bbhttps:\/\/new.gngts.ch\/wp-content\/uploads\/logo-gngts-3d-background.png\u00a0\u00bb background_enable_video_mp4=\u00a0\u00bboff\u00a0\u00bb background_enable_video_webm=\u00a0\u00bboff\u00a0\u00bb background_video_pause_outside_viewport=\u00a0\u00bboff\u00a0\u00bb background_pattern_repeat_origin=\u00a0\u00bbcenter\u00a0\u00bb min_height=\u00a0\u00bb20vw\u00a0\u00bb min_height_tablet=\u00a0\u00bb36vw\u00a0\u00bb min_height_phone=\u00a0\u00bb200px\u00a0\u00bb min_height_last_edited=\u00a0\u00bbon|tablet\u00a0\u00bb height=\u00a0\u00bb20vw\u00a0\u00bb height_tablet=\u00a0\u00bb36vw\u00a0\u00bb height_phone=\u00a0\u00bb50vw\u00a0\u00bb height_last_edited=\u00a0\u00bbon|phone\u00a0\u00bb max_height=\u00a0\u00bb20vw\u00a0\u00bb max_height_tablet=\u00a0\u00bb36vw\u00a0\u00bb max_height_phone=\u00a0\u00bb50vw\u00a0\u00bb max_height_last_edited=\u00a0\u00bbon|tablet\u00a0\u00bb custom_padding=\u00a0\u00bb||||false|false\u00a0\u00bb bottom_divider_style=\u00a0\u00bbcurve\u00a0\u00bb bottom_divider_height=\u00a0\u00bb4vw\u00a0\u00bb animation_direction=\u00a0\u00bbtop\u00a0\u00bb global_colors_info=\u00a0\u00bb{}\u00a0\u00bb][et_pb_fullwidth_code module_class=\u00a0\u00bbmain-gngts\u00a0\u00bb _builder_version=\u00a0\u00bb4.17.3&Prime; _dynamic_attributes=\u00a0\u00bblink_option_url\u00a0\u00bb _module_preset=\u00a0\u00bbdefault\u00a0\u00bb background_enable_color=\u00a0\u00bboff\u00a0\u00bb custom_padding_tablet=\u00a0\u00bb\u00a0\u00bb custom_padding_phone=\u00a0\u00bb\u00a0\u00bb custom_padding_last_edited=\u00a0\u00bbon|desktop\u00a0\u00bb link_option_url=\u00a0\u00bb@ET-DC@eyJkeW5hbWljIjp0cnVlLCJjb250ZW50IjoiaG9tZV91cmwiLCJzZXR0aW5ncyI6e319@\u00a0\u00bb global_colors_info=\u00a0\u00bb{}\u00a0\u00bb]<\/p>\n<h1>G&#038;G Trade Support<\/h1>\n<p>[\/et_pb_fullwidth_code][\/et_pb_section][et_pb_section fb_built=\u00a0\u00bb1&Prime; _builder_version=\u00a0\u00bb4.16&Prime; global_colors_info=\u00a0\u00bb{}\u00a0\u00bb][et_pb_row _builder_version=\u00a0\u00bb4.16&Prime; background_size=\u00a0\u00bbinitial\u00a0\u00bb background_position=\u00a0\u00bbtop_left\u00a0\u00bb background_repeat=\u00a0\u00bbrepeat\u00a0\u00bb global_colors_info=\u00a0\u00bb{}\u00a0\u00bb][et_pb_column type=\u00a0\u00bb4_4&Prime; _builder_version=\u00a0\u00bb4.16&Prime; custom_padding=\u00a0\u00bb|||\u00a0\u00bb global_colors_info=\u00a0\u00bb{}\u00a0\u00bb custom_padding__hover=\u00a0\u00bb|||\u00a0\u00bb][et_pb_text _builder_version=\u00a0\u00bb4.17.4&Prime; link_text_color=\u00a0\u00bb#E1753A\u00a0\u00bb background_size=\u00a0\u00bbinitial\u00a0\u00bb background_position=\u00a0\u00bbtop_left\u00a0\u00bb background_repeat=\u00a0\u00bbrepeat\u00a0\u00bb hover_enabled=\u00a0\u00bb0&Prime; global_colors_info=\u00a0\u00bb{}\u00a0\u00bb sticky_enabled=\u00a0\u00bb0&Prime; text_orientation_last_edited=\u00a0\u00bbon|desktop\u00a0\u00bb text_orientation=\u00a0\u00bbjustified\u00a0\u00bb text_orientation_phone=\u00a0\u00bbleft\u00a0\u00bb text_orientation_tablet=\u00a0\u00bbleft\u00a0\u00bb module_class=\u00a0\u00bbprivacy-policy\u00a0\u00bb header_3_letter_spacing=\u00a0\u00bb2px\u00a0\u00bb header_3_text_color=\u00a0\u00bb#2C3E50&Prime; header_3_font=\u00a0\u00bb|700||on|||||\u00a0\u00bb]<\/p>\n<h3><strong>PROTECTION DES DONN\u00c9ES<\/strong><\/h3>\n<p>L\u2019article 13 de la Constitution f\u00e9d\u00e9rale et les dispositions l\u00e9gales de la Conf\u00e9d\u00e9ration suisse sur la protection des donn\u00e9es disposent que toute personne a droit \u00e0 la protection de sa sph\u00e8re priv\u00e9e ainsi qu\u2019\u00e0 la protection contre l\u2019emploi abusif des donn\u00e9es qui la concernent. G&amp;G Trade Support S\u00e0rl observe strictement ces dispositions. Pour des raisons \u00e9videntes de s\u00e9curit\u00e9, toutes demandent ce fait uniquement sur notre site via des formulaires HTML qui envoient directement un email aux services concern\u00e9s de G&amp;G Trade Support S\u00e0rl , nous ne conservons pas de donn\u00e9es clients par le biais de notre site et nous vous r\u00e9pondons par email ou par t\u00e9l\u00e9phone. Les informations qui sont re\u00e7ues par les formulaires (email) sont trait\u00e9es de fa\u00e7on parfaitement confidentielle et ne sont ni vendues, ni transmises \u00e0 des tiers.<\/p>\n<h3><strong>GOOGLE ANALYTICS<\/strong><\/h3>\n<p>Ce site utilise divers produits Google comme Google Analytics qui est un service d\u2019analyse de site internet fourni par Google inc. (\u00ab\u2009Google\u2009\u00bb). La soci\u00e9t\u00e9 Google est \u00e9galement une filiale de la soci\u00e9t\u00e9 Alphabet. Google utilise des cookies, qui sont des fichiers texte plac\u00e9s sur votre ordinateur, pour aider le site internet \u00e0 analyser l\u2019utilisation du site par ses utilisateurs. Les donn\u00e9es g\u00e9n\u00e9r\u00e9es par les cookies concernant votre utilisation du site (y compris votre adresse IP) seront transmises et stock\u00e9es par Google sur des serveurs situ\u00e9s aux \u00c9tats-Unis. Google utilisera cette information dans le but d\u2019\u00e9valuer votre utilisation du site, de compiler des rapports sur l\u2019activit\u00e9 du site \u00e0 destination de son \u00e9diteur et de fournir d\u2019autres services relatifs \u00e0 l\u2019activit\u00e9 du site et \u00e0 l\u2019utilisation d\u2019Internet. Google est susceptible de communiquer ces donn\u00e9es \u00e0 des tiers en cas d\u2019obligation l\u00e9gale ou lorsque ces tiers traitent ces donn\u00e9es pour le compte de Google, y compris notamment l\u2019\u00e9diteur de ce site. Google ne recoupera pas votre adresse IP avec toute autre donn\u00e9e d\u00e9tenue par Google. Vous pouvez d\u00e9sactiver l\u2019utilisation de cookies en s\u00e9lectionnant les param\u00e8tres appropri\u00e9s de votre navigateur. Cependant, une telle d\u00e9sactivation pourrait emp\u00eacher l\u2019utilisation de certaines fonctionnalit\u00e9s de ce site. En utilisant ce site internet, vous consentez express\u00e9ment au traitement de vos donn\u00e9es nominatives par Google dans les conditions et pour les finalit\u00e9s d\u00e9crites ci-dessus.<\/p>\n<p class=\"text-left\">Plus d\u2019informations sur Google Analytics et la protection des donn\u00e9es sous: <a href=\"https:\/\/support.google.com\/analytics\/answer\/6004245\">https:\/\/support.google.com\/analytics\/answer\/6004245<\/a><\/p>\n<p class=\"text-left\">Plus d\u2019informations sur Google inc. et la confidentialit\u00e9 des donn\u00e9es sous: <a href=\"https:\/\/policies.google.com\/privacy\">https:\/\/policies.google.com\/privacy<\/a><\/p>\n<h3 class=\"text-left\"><strong>COOKIES<\/strong><\/h3>\n<p>Les cookies sont de petits fichiers texte plac\u00e9s sur votre ordinateur par les sites Web que vous visitez. Ils sont largement utilis\u00e9s pour faire fonctionner les sites Web, ou travailler plus efficacement, ainsi que pour fournir des informations (anonymes) aux propri\u00e9taires du site. L\u2019utilisation de cookies est maintenant standard pour la plupart des sites Web. Si vous n\u2019\u00eates pas \u00e0 l\u2019aise avec l\u2019utilisation de cookies, vous pouvez les g\u00e9rer et les contr\u00f4ler via votre navigateur, y compris en supprimant les cookies en les supprimant de votre \u00ab\u2009historique du navigateur\u2009\u00bb (cache) lorsque vous quittez le site.<\/p>\n<h3><strong>AVERTISSEMENT L\u00c9GAL<\/strong><\/h3>\n<p>Les informations contenues dans ce site sont uniquement \u00e0 titre indicatif. L\u2019application et l\u2019impact des lois peuvent varier consid\u00e9rablement en fonction des faits sp\u00e9cifiques impliqu\u00e9s. Compte tenu de la nature changeante des lois, des r\u00e8gles et des r\u00e8glements et des dangers inh\u00e9rents \u00e0 la communication \u00e9lectronique, il peut y avoir des retards, des omissions ou des inexactitudes dans les informations contenues dans ce site. En cons\u00e9quence, les informations contenues dans ce site n\u2019engagent pas les auteurs et les \u00e9diteurs, ni l\u2019entreprise \u00e0 appliquer des prestations ou des conseils fiscaux ou autres. En tant que tel, il ne devrait pas \u00eatre utilis\u00e9 comme substitut \u00e0 la consultation des conseillers professionnels, fiscaux, juridiques ou autres conseillers comp\u00e9tents. Avant de prendre une d\u00e9cision ou de prendre des mesures, vous devez consulter un professionnel de G&amp;G Trade Support S\u00e0rl . Bien que nous nous effor\u00e7ons de faire en sorte que les informations contenues sur ce site internet aient \u00e9t\u00e9 obtenues \u00e0 partir de sources fiables, G&amp;G Trade Support S\u00e0rl n\u2019est pas responsable des erreurs ou des omissions, ni des r\u00e9sultats obtenus \u00e0 partir de l\u2019utilisation de ces informations. Toutes les informations contenues dans ce Site sont fournies \u00ab\u2009telles quelles\u2009\u00bb, sans garantie d\u2019exhaustivit\u00e9, d\u2019exactitude, de rapidit\u00e9 ou des r\u00e9sultats obtenus \u00e0 partir de l\u2019utilisation de cette information, et sans aucune garantie, expresse ou implicite. En aucun cas, G&amp;G Trade Support S\u00e0rl , ses soci\u00e9t\u00e9s ou soci\u00e9t\u00e9s li\u00e9es, ou les partenaires, agents ou employ\u00e9s de ceux-ci ne seront responsables de vous (ou de toute autre personne pour toute d\u00e9cision prise ou action prise en fonction des informations contenues sur ce site) ou pour toute cons\u00e9quence, sp\u00e9ciale ou similaire. Certains liens dans le site Web se connectent \u00e0 d\u2019autres sites g\u00e9r\u00e9s par des tiers qui peuvent ou non \u00eatre pr\u00e9sent\u00e9s dans un cadre sur le site internet. G&amp;G Trade Support S\u00e0rl n\u2019a pas v\u00e9rifi\u00e9 le contenu de ces sites tiers et n\u2019endosse pas, ne justifie pas, ne promeut pas ou ne recommande aucun service ou produit pouvant \u00eatre fourni ou accessible par l\u2019entremise de lui ou de toute personne ou organisme qui peut les fournir. G&amp;G Trade Support S\u00e0rl ne fait aucune publicit\u00e9 tierce qui pourrait appara\u00eetre sur son site internet.<\/p>\n<div class=\"space\"><\/div>\n<p class=\"text-left\">Registre du Commerce du Canton de Gen\u00e8ve: <a href=\"https:\/\/ge.ch\/hrcintapp\/externalCompanyReport.action?companyOfrcId13=CH-660-2739013-6\">https:\/\/ge.ch\/hrcintapp\/externalCompanyReport.action?companyOfrcId13=CH-660-2739013-6<\/a><\/p>\n<h3><strong>RESPONSABILIT\u00c9<\/strong><\/h3>\n<p>Malgr\u00e9 la grande attention qu\u2019elles portent \u00e0 la justesse des informations diffus\u00e9es sur ce site, G&amp;G Trade Support S\u00e0rl ne peut endosser aucune responsabilit\u00e9 quant \u00e0 la fid\u00e9lit\u00e9, \u00e0 l\u2019exactitude, \u00e0 l\u2019actualit\u00e9, \u00e0 la fiabilit\u00e9 et \u00e0 l\u2019int\u00e9gralit\u00e9 de ces informations. G&amp;G Trade Support S\u00e0rl se r\u00e9serve express\u00e9ment le droit de modifier en partie ou en totalit\u00e9 le contenu de ce site, de le supprimer ou d\u2019en suspendre temporairement la diffusion, et ce \u00e0 tout moment et sans avertissement pr\u00e9alable. G&amp;G Trade Support S\u00e0rl et ses partenaires ou toutes autres prestataires ne sauraient \u00eatre tenues pour responsables des dommages mat\u00e9riels ou immat\u00e9riels qui pourraient \u00eatre caus\u00e9s par l\u2019acc\u00e8s aux informations diffus\u00e9es ou par leur utilisation ou non-utilisation, par le mauvais usage de la connexion ou par des probl\u00e8mes techniques.<\/p>\n<h3><strong>IMPRESSUM<\/strong><\/h3>\n<p><strong class=\"littletitle\">ENTREPRISE<\/strong> : G&amp;G Trade Support S\u00e0rl<\/p>\n<div class=\"space\"><\/div>\n<p class=\"text-left\">Extrait du Registre du Commerce (cf. statuts pour but complet) But: offrir tous types de prestations, conseils et services aux entreprises, dans les domaines de la comptabilit\u00e9, de la finance, du contr\u00f4le de gestion, de l\u2019administration et du risque.<\/p>\n<div class=\"space\"><\/div>\n<p class=\"text-left\">IDE (Num\u00e9ro d\u2019identification des entreprises): CHE-463.583.288<\/p>\n<div class=\"space\"><\/div>\n<p><strong class=\"littletitle\">RESPONSABILIT\u00c9 GLOBALE ET SI\u00c8GE SOCIAL<\/strong><br \/>G&amp;G Trade Support S\u00e0rl<br \/>Rue Rousseau 9<br \/>CH-1201 Gen\u00e8ve <br \/><a href=\"https:\/\/www.gngts.ch\/\">https:\/\/gngts.ch<\/a><\/p>\n<div class=\"space\"><\/div>\n<p><strong class=\"littletitle\">RESPONSABILIT\u00c9 DU CONTENU<\/strong><br \/>G&amp;G Trade Support S\u00e0rl<br \/>Rue Rousseau 9<br \/>CH-1201 Gen\u00e8ve <br \/><a href=\"https:\/\/www.gngts.ch\/\">https:\/\/gngts.ch<\/a><\/p>\n<div class=\"space\"><\/div>\n<p><strong class=\"littletitle\">GESTION DU SITE INTERNET<\/strong><br \/>Greens S\u00e0rl<br \/>All\u00e9e Pic-Pic 12<br \/>CH-1203 Gen\u00e8ve<br \/>T +41 (0)79 817 29 34 <br \/><a href=\"https:\/\/greens.ch\/\">https:\/\/greens.ch<\/a><\/p>\n<div class=\"space\"><\/div>\n<p><strong class=\"littletitle\">L\u00c9GISLATION APPLICABLE ET TRIBUNAUX COMP\u00c9TENTS<\/strong><br \/>Tout litige est soumis au droit suisse, le for juridique et le si\u00e8ge social de l\u2019entreprise G&amp;G Trade Support S\u00e0rl sont \u00e0 Gen\u00e8ve, par cons\u00e9quent, en cas de litige, seuls les tribunaux de Gen\u00e8ve sont comp\u00e9tents.<\/p>\n<p>[\/et_pb_text][\/et_pb_column][\/et_pb_row][\/et_pb_section]<\/p>\n","protected":false},"excerpt":{"rendered":"<p>PROTECTION DES DONN\u00c9ES L\u2019article 13 de la Constitution f\u00e9d\u00e9rale et les dispositions l\u00e9gales de la Conf\u00e9d\u00e9ration suisse sur la protection des donn\u00e9es disposent que toute personne a droit \u00e0 la protection de sa sph\u00e8re priv\u00e9e ainsi qu\u2019\u00e0 la protection contre l\u2019emploi abusif des donn\u00e9es qui la concernent. G&amp;G Trade Support S\u00e0rl observe strictement ces dispositions. [&hellip;]<\/p>\n","protected":false},"author":2,"featured_media":0,"parent":0,"menu_order":0,"comment_status":"closed","ping_status":"closed","template":"","meta":{"_et_pb_use_builder":"on","_et_pb_old_content":"<!-- wp:heading -->\n<h2>Who we are<\/h2>\n<!-- \/wp:heading -->\n\n<!-- wp:paragraph -->\n<p><strong class=\"privacy-policy-tutorial\">Suggested text: <\/strong>Our website address is: https:\/\/new.gngts.ch.<\/p>\n<!-- \/wp:paragraph -->\n\n<!-- wp:heading -->\n<h2>Comments<\/h2>\n<!-- \/wp:heading -->\n\n<!-- wp:paragraph -->\n<p><strong class=\"privacy-policy-tutorial\">Suggested text: <\/strong>When visitors leave comments on the site we collect the data shown in the comments form, and also the visitor\u2019s IP address and browser user agent string to help spam detection.<\/p>\n<!-- \/wp:paragraph -->\n\n<!-- wp:paragraph -->\n<p>An anonymized string created from your email address (also called a hash) may be provided to the Gravatar service to see if you are using it. The Gravatar service privacy policy is available here: https:\/\/automattic.com\/privacy\/. After approval of your comment, your profile picture is visible to the public in the context of your comment.<\/p>\n<!-- \/wp:paragraph -->\n\n<!-- wp:heading -->\n<h2>Media<\/h2>\n<!-- \/wp:heading -->\n\n<!-- wp:paragraph -->\n<p><strong class=\"privacy-policy-tutorial\">Suggested text: <\/strong>If you upload images to the website, you should avoid uploading images with embedded location data (EXIF GPS) included. Visitors to the website can download and extract any location data from images on the website.<\/p>\n<!-- \/wp:paragraph -->\n\n<!-- wp:heading -->\n<h2>Cookies<\/h2>\n<!-- \/wp:heading -->\n\n<!-- wp:paragraph -->\n<p><strong class=\"privacy-policy-tutorial\">Suggested text: <\/strong>If you leave a comment on our site you may opt-in to saving your name, email address and website in cookies. These are for your convenience so that you do not have to fill in your details again when you leave another comment. These cookies will last for one year.<\/p>\n<!-- \/wp:paragraph -->\n\n<!-- wp:paragraph -->\n<p>If you visit our login page, we will set a temporary cookie to determine if your browser accepts cookies. This cookie contains no personal data and is discarded when you close your browser.<\/p>\n<!-- \/wp:paragraph -->\n\n<!-- wp:paragraph -->\n<p>When you log in, we will also set up several cookies to save your login information and your screen display choices. Login cookies last for two days, and screen options cookies last for a year. If you select \"Remember Me\", your login will persist for two weeks. If you log out of your account, the login cookies will be removed.<\/p>\n<!-- \/wp:paragraph -->\n\n<!-- wp:paragraph -->\n<p>If you edit or publish an article, an additional cookie will be saved in your browser. This cookie includes no personal data and simply indicates the post ID of the article you just edited. It expires after 1 day.<\/p>\n<!-- \/wp:paragraph -->\n\n<!-- wp:heading -->\n<h2>Embedded content from other websites<\/h2>\n<!-- \/wp:heading -->\n\n<!-- wp:paragraph -->\n<p><strong class=\"privacy-policy-tutorial\">Suggested text: <\/strong>Articles on this site may include embedded content (e.g. videos, images, articles, etc.). Embedded content from other websites behaves in the exact same way as if the visitor has visited the other website.<\/p>\n<!-- \/wp:paragraph -->\n\n<!-- wp:paragraph -->\n<p>These websites may collect data about you, use cookies, embed additional third-party tracking, and monitor your interaction with that embedded content, including tracking your interaction with the embedded content if you have an account and are logged in to that website.<\/p>\n<!-- \/wp:paragraph -->\n\n<!-- wp:heading -->\n<h2>Who we share your data with<\/h2>\n<!-- \/wp:heading -->\n\n<!-- wp:paragraph -->\n<p><strong class=\"privacy-policy-tutorial\">Suggested text: <\/strong>If you request a password reset, your IP address will be included in the reset email.<\/p>\n<!-- \/wp:paragraph -->\n\n<!-- wp:heading -->\n<h2>How long we retain your data<\/h2>\n<!-- \/wp:heading -->\n\n<!-- wp:paragraph -->\n<p><strong class=\"privacy-policy-tutorial\">Suggested text: <\/strong>If you leave a comment, the comment and its metadata are retained indefinitely. This is so we can recognize and approve any follow-up comments automatically instead of holding them in a moderation queue.<\/p>\n<!-- \/wp:paragraph -->\n\n<!-- wp:paragraph -->\n<p>For users that register on our website (if any), we also store the personal information they provide in their user profile. All users can see, edit, or delete their personal information at any time (except they cannot change their username). Website administrators can also see and edit that information.<\/p>\n<!-- \/wp:paragraph -->\n\n<!-- wp:heading -->\n<h2>What rights you have over your data<\/h2>\n<!-- \/wp:heading -->\n\n<!-- wp:paragraph -->\n<p><strong class=\"privacy-policy-tutorial\">Suggested text: <\/strong>If you have an account on this site, or have left comments, you can request to receive an exported file of the personal data we hold about you, including any data you have provided to us. You can also request that we erase any personal data we hold about you. This does not include any data we are obliged to keep for administrative, legal, or security purposes.<\/p>\n<!-- \/wp:paragraph -->\n\n<!-- wp:heading -->\n<h2>Where we send your data<\/h2>\n<!-- \/wp:heading -->\n\n<!-- wp:paragraph -->\n<p><strong class=\"privacy-policy-tutorial\">Suggested text: <\/strong>Visitor comments may be checked through an automated spam detection service.<\/p>\n<!-- \/wp:paragraph -->","_et_gb_content_width":"","inline_featured_image":false,"footnotes":""},"class_list":["post-3","page","type-page","status-publish","hentry"],"_links":{"self":[{"href":"https:\/\/new.gngts.ch\/en\/wp-json\/wp\/v2\/pages\/3","targetHints":{"allow":["GET"]}}],"collection":[{"href":"https:\/\/new.gngts.ch\/en\/wp-json\/wp\/v2\/pages"}],"about":[{"href":"https:\/\/new.gngts.ch\/en\/wp-json\/wp\/v2\/types\/page"}],"author":[{"embeddable":true,"href":"https:\/\/new.gngts.ch\/en\/wp-json\/wp\/v2\/users\/2"}],"replies":[{"embeddable":true,"href":"https:\/\/new.gngts.ch\/en\/wp-json\/wp\/v2\/comments?post=3"}],"version-history":[{"count":18,"href":"https:\/\/new.gngts.ch\/en\/wp-json\/wp\/v2\/pages\/3\/revisions"}],"predecessor-version":[{"id":3519,"href":"https:\/\/new.gngts.ch\/en\/wp-json\/wp\/v2\/pages\/3\/revisions\/3519"}],"wp:attachment":[{"href":"https:\/\/new.gngts.ch\/en\/wp-json\/wp\/v2\/media?parent=3"}],"curies":[{"name":"wp","href":"https:\/\/api.w.org\/{rel}","templated":true}]}}